{"id":8,"date":"2026-01-19T18:14:31","date_gmt":"2026-01-19T18:14:31","guid":{"rendered":"https:\/\/lokore.fi\/?page_id=8"},"modified":"2026-02-02T20:19:50","modified_gmt":"2026-02-02T18:19:50","slug":"etusivu","status":"publish","type":"page","link":"https:\/\/lokore.fi\/","title":{"rendered":"Etusivu"},"content":{"rendered":"<ul class=\"wp-block-latest-posts__list is-grid columns-3 wp-block-latest-posts\"><\/ul>\n\n\n<div class=\"wp-block-cover alignfull\" style=\"min-height:800px;aspect-ratio:unset;\"><img loading=\"lazy\" decoding=\"async\" width=\"1024\" height=\"768\" class=\"wp-block-cover__image-background wp-image-21 size-full\" alt=\"\" src=\"https:\/\/lokore.fi\/wp-content\/uploads\/2026\/01\/2013-06-15-11.16.51.jpg\" data-object-fit=\"cover\" srcset=\"https:\/\/lokore.fi\/wp-content\/uploads\/2026\/01\/2013-06-15-11.16.51.jpg 1024w, https:\/\/lokore.fi\/wp-content\/uploads\/2026\/01\/2013-06-15-11.16.51-300x225.jpg 300w, https:\/\/lokore.fi\/wp-content\/uploads\/2026\/01\/2013-06-15-11.16.51-768x576.jpg 768w\" sizes=\"auto, (max-width: 1024px) 100vw, 1024px\" \/><span aria-hidden=\"true\" class=\"wp-block-cover__background has-ast-global-color-4-background-color has-background-dim-30 has-background-dim\"><\/span><div class=\"wp-block-cover__inner-container is-layout-flow wp-block-cover-is-layout-flow\">\n<div class=\"wp-block-columns is-layout-flex wp-container-core-columns-is-layout-28f84493 wp-block-columns-is-layout-flex\">\n<div class=\"wp-block-column is-vertically-aligned-top is-layout-flow wp-block-column-is-layout-flow\" style=\"padding-right:var(--wp--preset--spacing--20);padding-left:var(--wp--preset--spacing--20);flex-basis:65%\">\n\n\n<h1 class=\"wp-block-heading has-text-align-left has-nv-text-dark-bg-color has-text-color\">Kotisatama Pyht\u00e4\u00e4ll\u00e4<\/h1>\n\n\n\n<p class=\"has-text-align-left has-nv-text-dark-bg-color has-text-color\" style=\"font-size:17px\">Satama palvelee paikkakuntalaisia sek\u00e4 m\u00f6kkil\u00e4isi\u00e4 L\u00f6k\u00f6renniemess\u00e4 Pyht\u00e4\u00e4n Huutj\u00e4rvell\u00e4.<\/p>\n\n\n\n<div class=\"wp-block-buttons is-horizontal is-content-justification-left is-layout-flex wp-container-core-buttons-is-layout-20be11b6 wp-block-buttons-is-layout-flex\">\n<div class=\"wp-block-button is-style-primary\"><a class=\"wp-block-button__link has-text-color has-background has-link-color wp-element-button\" href=\"https:\/\/lokore.fi\/?page_id=102\" style=\"color:#0a2279;background-color:#ffffff\">Hae venepaikkaa<\/a><\/div>\n\n\n\n<div class=\"wp-block-button is-style-secondary\"><a class=\"wp-block-button__link has-nv-text-dark-bg-color has-text-color has-link-color wp-element-button\" href=\"https:\/\/lokore.fi\/?page_id=66\">Ota yhteytt\u00e4<\/a><\/div>\n<\/div>\n\n\n\n<div style=\"height:100px\" aria-hidden=\"true\" class=\"wp-block-spacer\"><\/div>\n<\/div>\n\n\n\n<div class=\"wp-block-column is-vertically-aligned-center is-layout-flow wp-block-column-is-layout-flow\"><\/div>\n<\/div>\n<\/div><\/div>\n\n\n\n\n\n<div class=\"wp-block-columns is-layout-flex wp-container-core-columns-is-layout-28f84493 wp-block-columns-is-layout-flex\">\n<div class=\"wp-block-column neve-duotone is-layout-flow wp-block-column-is-layout-flow\" style=\"padding-right:var(--wp--preset--spacing--30);padding-left:var(--wp--preset--spacing--30)\">\n<figure class=\"wp-block-image aligncenter size-full is-resized icon-style is-style-default\"><a href=\"https:\/\/lokore.fi\/?page_id=62\"><img loading=\"lazy\" decoding=\"async\" width=\"700\" height=\"650\" src=\"https:\/\/lokore.fi\/wp-content\/uploads\/2026\/01\/Designer-6-1.png\" alt=\"\" class=\"wp-image-114\" style=\"width:150px\" title=\"\" srcset=\"https:\/\/lokore.fi\/wp-content\/uploads\/2026\/01\/Designer-6-1.png 700w, https:\/\/lokore.fi\/wp-content\/uploads\/2026\/01\/Designer-6-1-300x279.png 300w\" sizes=\"auto, (max-width: 700px) 100vw, 700px\" \/><\/a><\/figure>\n\n\n\n<h3 class=\"wp-block-heading has-text-align-center has-neve-text-color-color has-text-color\"><a href=\"https:\/\/lokore.fi\/?page_id=62\" data-type=\"page\" data-id=\"62\">Satamapalvelut<\/a><\/h3>\n\n\n\n<p class=\"has-text-align-center\">Satamassa on monipuoliset veneilij\u00e4n ja m\u00f6kkil\u00e4isen palvelut.<\/p>\n\n\n\n<div style=\"height:20px\" aria-hidden=\"true\" class=\"wp-block-spacer\"><\/div>\n<\/div>\n\n\n\n<div class=\"wp-block-column is-layout-flow wp-block-column-is-layout-flow\" style=\"padding-right:var(--wp--preset--spacing--30);padding-left:var(--wp--preset--spacing--30)\">\n<figure class=\"wp-block-image aligncenter size-full is-resized has-custom-border icon-style is-style-default\"><a href=\"https:\/\/lokore.fi\/?page_id=64\"><img loading=\"lazy\" decoding=\"async\" width=\"700\" height=\"650\" src=\"https:\/\/lokore.fi\/wp-content\/uploads\/2026\/01\/Designer-5-1.png\" alt=\"\" class=\"wp-image-113\" style=\"border-radius:0px;width:150px\" title=\"\" srcset=\"https:\/\/lokore.fi\/wp-content\/uploads\/2026\/01\/Designer-5-1.png 700w, https:\/\/lokore.fi\/wp-content\/uploads\/2026\/01\/Designer-5-1-300x279.png 300w\" sizes=\"auto, (max-width: 700px) 100vw, 700px\" \/><\/a><\/figure>\n\n\n\n<h3 class=\"wp-block-heading has-text-align-center has-neve-text-color-color has-text-color\"><a href=\"https:\/\/lokore.fi\/?page_id=64\" data-type=\"page\" data-id=\"64\">Venepaikat<\/a><\/h3>\n\n\n\n<p class=\"has-text-align-center\">Satamassa on yli 200 eri kokoista venepaikkaa.<\/p>\n\n\n\n<div style=\"height:20px\" aria-hidden=\"true\" class=\"wp-block-spacer\"><\/div>\n<\/div>\n\n\n\n<div class=\"wp-block-column is-layout-flow wp-block-column-is-layout-flow\" style=\"padding-right:var(--wp--preset--spacing--30);padding-left:var(--wp--preset--spacing--30)\">\n<figure class=\"wp-block-image aligncenter size-full is-resized has-custom-border icon-style is-style-default wp-duotone-unset-1\"><a href=\"https:\/\/lokore.fi\/?page_id=68\"><img loading=\"lazy\" decoding=\"async\" width=\"600\" height=\"550\" src=\"https:\/\/lokore.fi\/wp-content\/uploads\/2026\/01\/hinnasto.png\" alt=\"\" class=\"wp-image-126\" style=\"border-radius:0px;width:150px\" title=\"\" srcset=\"https:\/\/lokore.fi\/wp-content\/uploads\/2026\/01\/hinnasto.png 600w, https:\/\/lokore.fi\/wp-content\/uploads\/2026\/01\/hinnasto-300x275.png 300w\" sizes=\"auto, (max-width: 600px) 100vw, 600px\" \/><\/a><\/figure>\n\n\n\n<h3 class=\"wp-block-heading has-text-align-center has-neve-text-color-color has-text-color\"><a href=\"https:\/\/lokore.fi\/?page_id=68\" data-type=\"page\" data-id=\"68\">Hinnasto<\/a><\/h3>\n\n\n\n<p class=\"has-text-align-center\">Venepaikkojen ja talvis\u00e4ilytyspaikkojen hinnasto.<\/p>\n\n\n\n<div style=\"height:20px\" aria-hidden=\"true\" class=\"wp-block-spacer\"><\/div>\n<\/div>\n\n\n\n<div class=\"wp-block-column is-layout-flow wp-block-column-is-layout-flow\" style=\"padding-right:var(--wp--preset--spacing--30);padding-left:var(--wp--preset--spacing--30)\">\n<figure class=\"wp-block-image aligncenter size-full is-resized has-custom-border icon-style is-style-default wp-duotone-unset-2\"><a href=\"https:\/\/lokore.fi\/?page_id=66\"><img loading=\"lazy\" decoding=\"async\" width=\"600\" height=\"550\" src=\"https:\/\/lokore.fi\/wp-content\/uploads\/2026\/01\/yhteystiedot.png\" alt=\"\" class=\"wp-image-127\" style=\"border-radius:0px;width:150px\" title=\"\" srcset=\"https:\/\/lokore.fi\/wp-content\/uploads\/2026\/01\/yhteystiedot.png 600w, https:\/\/lokore.fi\/wp-content\/uploads\/2026\/01\/yhteystiedot-300x275.png 300w\" sizes=\"auto, (max-width: 600px) 100vw, 600px\" \/><\/a><\/figure>\n\n\n\n<h3 class=\"wp-block-heading has-text-align-center has-neve-text-color-color has-text-color\"><a href=\"https:\/\/lokore.fi\/?page_id=66\" data-type=\"page\" data-id=\"66\">Yhteystiedot<\/a><\/h3>\n\n\n\n<p class=\"has-text-align-center\">N\u00e4in saat meihin yhteytt\u00e4.<\/p>\n\n\n\n<div style=\"height:20px\" aria-hidden=\"true\" class=\"wp-block-spacer\"><\/div>\n<\/div>\n<\/div>\n\n\n\n<p><\/p>\n","protected":false},"excerpt":{"rendered":"<p>Satamapalvelut Satamassa on monipuoliset veneilij\u00e4n ja m\u00f6kkil\u00e4isen palvelut. Venepaikat Satamassa on yli 200 eri kokoista venepaikkaa. Hinnasto Venepaikkojen ja talvis\u00e4ilytyspaikkojen [&hellip;]<\/p>\n","protected":false},"author":1,"featured_media":0,"parent":0,"menu_order":0,"comment_status":"closed","ping_status":"closed","template":"","meta":{"site-sidebar-layout":"default","site-content-layout":"","ast-site-content-layout":"default","site-content-style":"default","site-sidebar-style":"default","ast-global-header-display":"","ast-banner-title-visibility":"","ast-main-header-display":"","ast-hfb-above-header-display":"","ast-hfb-below-header-display":"","ast-hfb-mobile-header-display":"","site-post-title":"disabled","ast-breadcrumbs-content":"","ast-featured-img":"","footer-sml-layout":"","ast-disable-related-posts":"","theme-transparent-header-meta":"","adv-header-id-meta":"","stick-header-meta":"","header-above-stick-meta":"","header-main-stick-meta":"","header-below-stick-meta":"","astra-migrate-meta-layouts":"default","ast-page-background-enabled":"default","ast-page-background-meta":{"desktop":{"background-color":"var(--ast-global-color-5)","background-image":"","background-repeat":"repeat","background-position":"center center","background-size":"auto","background-attachment":"scroll","background-type":"","background-media":"","overlay-type":"","overlay-color":"","overlay-opacity":"","overlay-gradient":""},"tablet":{"background-color":"","background-image":"","background-repeat":"repeat","background-position":"center center","background-size":"auto","background-attachment":"scroll","background-type":"","background-media":"","overlay-type":"","overlay-color":"","overlay-opacity":"","overlay-gradient":""},"mobile":{"background-color":"","background-image":"","background-repeat":"repeat","background-position":"center center","background-size":"auto","background-attachment":"scroll","background-type":"","background-media":"","overlay-type":"","overlay-color":"","overlay-opacity":"","overlay-gradient":""}},"ast-content-background-meta":{"desktop":{"background-color":"var(--ast-global-color-4)","background-image":"","background-repeat":"repeat","background-position":"center center","background-size":"auto","background-attachment":"scroll","background-type":"","background-media":"","overlay-type":"","overlay-color":"","overlay-opacity":"","overlay-gradient":""},"tablet":{"background-color":"var(--ast-global-color-4)","background-image":"","background-repeat":"repeat","background-position":"center center","background-size":"auto","background-attachment":"scroll","background-type":"","background-media":"","overlay-type":"","overlay-color":"","overlay-opacity":"","overlay-gradient":""},"mobile":{"background-color":"var(--ast-global-color-4)","background-image":"","background-repeat":"repeat","background-position":"center center","background-size":"auto","background-attachment":"scroll","background-type":"","background-media":"","overlay-type":"","overlay-color":"","overlay-opacity":"","overlay-gradient":""}},"footnotes":""},"class_list":["post-8","page","type-page","status-publish","hentry"],"_links":{"self":[{"href":"https:\/\/lokore.fi\/index.php?rest_route=\/wp\/v2\/pages\/8","targetHints":{"allow":["GET"]}}],"collection":[{"href":"https:\/\/lokore.fi\/index.php?rest_route=\/wp\/v2\/pages"}],"about":[{"href":"https:\/\/lokore.fi\/index.php?rest_route=\/wp\/v2\/types\/page"}],"author":[{"embeddable":true,"href":"https:\/\/lokore.fi\/index.php?rest_route=\/wp\/v2\/users\/1"}],"replies":[{"embeddable":true,"href":"https:\/\/lokore.fi\/index.php?rest_route=%2Fwp%2Fv2%2Fcomments&post=8"}],"version-history":[{"count":26,"href":"https:\/\/lokore.fi\/index.php?rest_route=\/wp\/v2\/pages\/8\/revisions"}],"predecessor-version":[{"id":147,"href":"https:\/\/lokore.fi\/index.php?rest_route=\/wp\/v2\/pages\/8\/revisions\/147"}],"wp:attachment":[{"href":"https:\/\/lokore.fi\/index.php?rest_route=%2Fwp%2Fv2%2Fmedia&parent=8"}],"curies":[{"name":"wp","href":"https:\/\/api.w.org\/{rel}","templated":true}]}}